{"id":3354,"date":"2025-07-18T17:10:44","date_gmt":"2025-07-18T17:10:44","guid":{"rendered":"https:\/\/hellogifted.tn\/?post_type=product&#038;p=3354"},"modified":"2025-08-20T17:05:42","modified_gmt":"2025-08-20T17:05:42","slug":"pochette-lunettes","status":"publish","type":"product","link":"https:\/\/hellogifted.tn\/?product=pochette-lunettes","title":{"rendered":"Pochette Lunettes Rouge Orange"},"content":{"rendered":"","protected":false},"excerpt":{"rendered":"<p><span data-sheets-root=\"1\">Toujours \u00e0 port\u00e9e de main, jamais au fond du sac.<br data-start=\"1720\" data-end=\"1723\" \/>Cet \u00e9tui \u00e0 lunettes fun et tendance s\u2019accroche, prot\u00e8ge, accessoirise. Le simili cuir ajoute une note chic et l\u2019int\u00e9rieur en daim prend soin de vos verres. \u00c0 offrir ou \u00e0 s\u2019offrir, pour ceux qui aiment les d\u00e9tails bien pens\u00e9s.<br \/>\n<\/span><\/p>\n","protected":false},"featured_media":3674,"comment_status":"open","ping_status":"closed","template":"","meta":[],"product_brand":[],"product_cat":[70],"product_tag":[],"class_list":{"0":"post-3354","1":"product","2":"type-product","3":"status-publish","4":"has-post-thumbnail","6":"product_cat-accesoires","7":"pa_occasion-nouvel-an","8":"pa_occasion-saint-valentin","9":"pa_pour-qui-friend","10":"pa_pour-qui-girlfriend","11":"pa_pour-qui-maman","12":"pa_pour-qui-soeur","14":"first","15":"instock","16":"sale","17":"shipping-taxable","18":"purchasable","19":"product-type-simple"},"jetpack_sharing_enabled":true,"_links":{"self":[{"href":"https:\/\/hellogifted.tn\/index.php?rest_route=\/wp\/v2\/product\/3354","targetHints":{"allow":["GET"]}}],"collection":[{"href":"https:\/\/hellogifted.tn\/index.php?rest_route=\/wp\/v2\/product"}],"about":[{"href":"https:\/\/hellogifted.tn\/index.php?rest_route=\/wp\/v2\/types\/product"}],"replies":[{"embeddable":true,"href":"https:\/\/hellogifted.tn\/index.php?rest_route=%2Fwp%2Fv2%2Fcomments&post=3354"}],"wp:featuredmedia":[{"embeddable":true,"href":"https:\/\/hellogifted.tn\/index.php?rest_route=\/wp\/v2\/media\/3674"}],"wp:attachment":[{"href":"https:\/\/hellogifted.tn\/index.php?rest_route=%2Fwp%2Fv2%2Fmedia&parent=3354"}],"wp:term":[{"taxonomy":"product_brand","embeddable":true,"href":"https:\/\/hellogifted.tn\/index.php?rest_route=%2Fwp%2Fv2%2Fproduct_brand&post=3354"},{"taxonomy":"product_cat","embeddable":true,"href":"https:\/\/hellogifted.tn\/index.php?rest_route=%2Fwp%2Fv2%2Fproduct_cat&post=3354"},{"taxonomy":"product_tag","embeddable":true,"href":"https:\/\/hellogifted.tn\/index.php?rest_route=%2Fwp%2Fv2%2Fproduct_tag&post=3354"}],"curies":[{"name":"wp","href":"https:\/\/api.w.org\/{rel}","templated":true}]}}