{"id":3385,"date":"2025-07-18T21:39:33","date_gmt":"2025-07-18T21:39:33","guid":{"rendered":"https:\/\/hellogifted.tn\/?post_type=product&#038;p=3385"},"modified":"2025-07-18T21:56:04","modified_gmt":"2025-07-18T21:56:04","slug":"open-when-letters","status":"publish","type":"product","link":"https:\/\/hellogifted.tn\/?product=open-when-letters","title":{"rendered":"Open When Letters"},"content":{"rendered":"","protected":false},"excerpt":{"rendered":"<p><strong data-start=\"155\" data-end=\"287\">Imaginez offrir un cadeau qui r\u00e9conforte, encourage et exprime votre amour \u00e0 vos proches, \u00e0 chaque moment important de leur vie.<\/strong><br data-start=\"287\" data-end=\"290\" \/>C\u2019est exactement ce que permettent les lettres <em data-start=\"337\" data-end=\"350\">\u00ab\u00a0Open When\u00a0\u00bb<\/em> : un concept unique qui vous invite \u00e0 cr\u00e9er une collection de messages personnalis\u00e9s que vos proches pourront ouvrir selon des situations sp\u00e9cifiques.<\/p>\n<ul>\n<li data-start=\"644\" data-end=\"751\">\n<p data-start=\"646\" data-end=\"751\"><strong data-start=\"646\" data-end=\"683\">Open when you first receive these<\/strong> : Pour les accueillir chaleureusement dans cette exp\u00e9rience unique.<\/p>\n<\/li>\n<li data-start=\"752\" data-end=\"845\">\n<p data-start=\"754\" data-end=\"845\"><strong data-start=\"754\" data-end=\"779\">Open when you miss me<\/strong> : Pour leur rappeler \u00e0 quel point leur pr\u00e9sence compte pour vous.<\/p>\n<\/li>\n<li data-start=\"846\" data-end=\"957\">\n<p data-start=\"848\" data-end=\"957\"><strong data-start=\"848\" data-end=\"885\">Open when you&rsquo;re having a bad day<\/strong> : Pour leur offrir du r\u00e9confort et leur rappeler leur force int\u00e9rieure.<\/p>\n<\/li>\n<li data-start=\"958\" data-end=\"1069\">\n<p data-start=\"960\" data-end=\"1069\"><strong data-start=\"960\" data-end=\"993\">Open when I tell you to do so<\/strong> : Pour garder une surprise pour un moment sp\u00e9cial que vous seul connaissez.<\/p>\n<\/li>\n<li data-start=\"1070\" data-end=\"1186\">\n<p data-start=\"1072\" data-end=\"1186\"><strong data-start=\"1072\" data-end=\"1101\">Open when we have a fight<\/strong> : Pour proposer une tr\u00eave et rappeler l\u2019amour qui vous unit, m\u00eame apr\u00e8s une dispute.<\/p>\n<\/li>\n<li data-start=\"1187\" data-end=\"1291\">\n<p data-start=\"1189\" data-end=\"1291\"><strong data-start=\"1189\" data-end=\"1222\">Open when you need motivation<\/strong> : Pour leur donner un petit coup de pouce dans les moments de doute.<\/p>\n<\/li>\n<li data-start=\"1292\" data-end=\"1404\">\n<p data-start=\"1294\" data-end=\"1404\"><strong data-start=\"1294\" data-end=\"1350\">Open when you want a reminder of how much I love you<\/strong> : Pour exprimer votre amour sans raison particuli\u00e8re.<\/p>\n<\/li>\n<li data-start=\"1405\" data-end=\"1532\">\n<p data-start=\"1407\" data-end=\"1532\"><strong data-start=\"1407\" data-end=\"1459\">Open when you have an important decision to make<\/strong> : Pour les soutenir et leur rappeler leur capacit\u00e9 \u00e0 faire le bon choix.<\/p>\n<\/li>\n<li data-start=\"1533\" data-end=\"1639\">\n<p data-start=\"1535\" data-end=\"1639\"><strong data-start=\"1535\" data-end=\"1589\">Open when you want a reminder of our best memories<\/strong> : Pour revivre ensemble vos plus beaux souvenirs.<\/p>\n<\/li>\n<li data-start=\"1640\" data-end=\"1706\">\n<p data-start=\"1642\" data-end=\"1706\"><strong data-start=\"1642\" data-end=\"1668\">Open when you&rsquo;re happy<\/strong> : Pour partager et doubler leur joie.<\/p>\n<\/li>\n<\/ul>\n","protected":false},"featured_media":3386,"comment_status":"open","ping_status":"closed","template":"","meta":[],"product_brand":[],"product_cat":[68,67],"product_tag":[],"class_list":{"0":"post-3385","1":"product","2":"type-product","3":"status-publish","4":"has-post-thumbnail","6":"product_cat-personnalise","7":"product_cat-papeterie","8":"pa_occasion-nouvel-an","9":"pa_occasion-saint-valentin","10":"pa_pour-qui-boyfriend","11":"pa_pour-qui-couples","12":"pa_pour-qui-frere","13":"pa_pour-qui-girlfriend","14":"pa_pour-qui-soeur","16":"first","17":"instock","18":"shipping-taxable","19":"purchasable","20":"product-type-simple"},"jetpack_sharing_enabled":true,"_links":{"self":[{"href":"https:\/\/hellogifted.tn\/index.php?rest_route=\/wp\/v2\/product\/3385","targetHints":{"allow":["GET"]}}],"collection":[{"href":"https:\/\/hellogifted.tn\/index.php?rest_route=\/wp\/v2\/product"}],"about":[{"href":"https:\/\/hellogifted.tn\/index.php?rest_route=\/wp\/v2\/types\/product"}],"replies":[{"embeddable":true,"href":"https:\/\/hellogifted.tn\/index.php?rest_route=%2Fwp%2Fv2%2Fcomments&post=3385"}],"wp:featuredmedia":[{"embeddable":true,"href":"https:\/\/hellogifted.tn\/index.php?rest_route=\/wp\/v2\/media\/3386"}],"wp:attachment":[{"href":"https:\/\/hellogifted.tn\/index.php?rest_route=%2Fwp%2Fv2%2Fmedia&parent=3385"}],"wp:term":[{"taxonomy":"product_brand","embeddable":true,"href":"https:\/\/hellogifted.tn\/index.php?rest_route=%2Fwp%2Fv2%2Fproduct_brand&post=3385"},{"taxonomy":"product_cat","embeddable":true,"href":"https:\/\/hellogifted.tn\/index.php?rest_route=%2Fwp%2Fv2%2Fproduct_cat&post=3385"},{"taxonomy":"product_tag","embeddable":true,"href":"https:\/\/hellogifted.tn\/index.php?rest_route=%2Fwp%2Fv2%2Fproduct_tag&post=3385"}],"curies":[{"name":"wp","href":"https:\/\/api.w.org\/{rel}","templated":true}]}}