{"id":3499,"date":"2025-07-19T14:15:06","date_gmt":"2025-07-19T14:15:06","guid":{"rendered":"https:\/\/hellogifted.tn\/?product=mother-guided-journal"},"modified":"2025-08-24T16:48:48","modified_gmt":"2025-08-24T16:48:48","slug":"mother-guided-journal","status":"publish","type":"product","link":"https:\/\/hellogifted.tn\/?product=mother-guided-journal","title":{"rendered":"Journal Guid\u00e9 Maman"},"content":{"rendered":"","protected":false},"excerpt":{"rendered":"<p data-start=\"165\" data-end=\"431\"><strong data-start=\"165\" data-end=\"286\">D\u00e9couvrez ce journal guid\u00e9 con\u00e7u pour vous inspirer \u00e0 exprimer tout l\u2019amour et les \u00e9motions que vous avez pour maman.<\/strong><br data-start=\"286\" data-end=\"289\" \/>Chaque page vous propose un d\u00e9but de phrase \u00e0 compl\u00e9ter avec vos propres mots pour cr\u00e9er un message personnalis\u00e9 et riche en \u00e9motions, comme :<\/p>\n<ul data-start=\"433\" data-end=\"554\">\n<li data-start=\"433\" data-end=\"462\">\n<p data-start=\"435\" data-end=\"462\">&#8230;&#8230;&#8230;.. \ufedb\ufef2 \ufe97\ufeb8\ufea0\ufecc\ufee8\ufef2 \ufe91\ufe8e\u0634<\/p>\n<\/li>\n<li data-start=\"463\" data-end=\"499\">\n<p data-start=\"465\" data-end=\"499\">&#8230;&#8230;&#8230;.. \ufedb\ufef2 \ufe97\ufeee\ufeb3\ufeca \ufe91\ufe8e\ufedf\ufeda \u0648\ufed7\ufe96 \u0627\ufee7\ufe8e<\/p>\n<\/li>\n<li data-start=\"500\" data-end=\"529\">\n<p data-start=\"502\" data-end=\"529\">&#8230;&#8230;&#8230;.. \u0627\ufedf\ufeaa\u0627\u0631 \ufe91\ufefc\u0634 \ufe91\ufef4\ufeda<\/p>\n<\/li>\n<li data-start=\"530\" data-end=\"554\">\n<p data-start=\"532\" data-end=\"554\">&#8230;&#8230;&#8230;.. \ufedb\ufef2 \ufee7\ufeb8\ufeee\ufed3\ufeda<\/p>\n<\/li>\n<\/ul>\n<p data-start=\"556\" data-end=\"661\"><strong data-start=\"556\" data-end=\"661\">Un marqueur noir est \u00e9galement inclus pour que vous puissiez commencer \u00e0 le remplir d\u00e8s sa r\u00e9ception.<\/strong><\/p>\n","protected":false},"featured_media":3550,"comment_status":"open","ping_status":"closed","template":"","meta":[],"product_brand":[],"product_cat":[68,67],"product_tag":[],"class_list":{"0":"post-3499","1":"product","2":"type-product","3":"status-publish","4":"has-post-thumbnail","6":"product_cat-personnalise","7":"product_cat-papeterie","8":"pa_occasion-anniversaire","9":"pa_occasion-just-because","10":"pa_pour-qui-maman","12":"first","13":"outofstock","14":"shipping-taxable","15":"purchasable","16":"product-type-simple"},"jetpack_sharing_enabled":true,"_links":{"self":[{"href":"https:\/\/hellogifted.tn\/index.php?rest_route=\/wp\/v2\/product\/3499","targetHints":{"allow":["GET"]}}],"collection":[{"href":"https:\/\/hellogifted.tn\/index.php?rest_route=\/wp\/v2\/product"}],"about":[{"href":"https:\/\/hellogifted.tn\/index.php?rest_route=\/wp\/v2\/types\/product"}],"replies":[{"embeddable":true,"href":"https:\/\/hellogifted.tn\/index.php?rest_route=%2Fwp%2Fv2%2Fcomments&post=3499"}],"wp:featuredmedia":[{"embeddable":true,"href":"https:\/\/hellogifted.tn\/index.php?rest_route=\/wp\/v2\/media\/3550"}],"wp:attachment":[{"href":"https:\/\/hellogifted.tn\/index.php?rest_route=%2Fwp%2Fv2%2Fmedia&parent=3499"}],"wp:term":[{"taxonomy":"product_brand","embeddable":true,"href":"https:\/\/hellogifted.tn\/index.php?rest_route=%2Fwp%2Fv2%2Fproduct_brand&post=3499"},{"taxonomy":"product_cat","embeddable":true,"href":"https:\/\/hellogifted.tn\/index.php?rest_route=%2Fwp%2Fv2%2Fproduct_cat&post=3499"},{"taxonomy":"product_tag","embeddable":true,"href":"https:\/\/hellogifted.tn\/index.php?rest_route=%2Fwp%2Fv2%2Fproduct_tag&post=3499"}],"curies":[{"name":"wp","href":"https:\/\/api.w.org\/{rel}","templated":true}]}}