{"id":3512,"date":"2025-07-19T14:15:08","date_gmt":"2025-07-19T14:15:08","guid":{"rendered":"https:\/\/hellogifted.tn\/?product=tableau-save-the-date"},"modified":"2025-07-19T21:36:03","modified_gmt":"2025-07-19T21:36:03","slug":"tableau-save-the-date","status":"publish","type":"product","link":"https:\/\/hellogifted.tn\/?product=tableau-save-the-date","title":{"rendered":"Tableau Save the Date"},"content":{"rendered":"","protected":false},"excerpt":{"rendered":"<p><strong data-start=\"58\" data-end=\"95\">Le Tableau <em data-start=\"71\" data-end=\"86\">Save the Date<\/em> en MDF<\/strong> est un support unique pour immortaliser vos plus beaux moments. Personnalisez-le avec vos photos pr\u00e9f\u00e9r\u00e9es, une date sp\u00e9ciale et une phrase d\u2019amour pour cr\u00e9er un tableau qui raconte votre histoire. Il fait aussi une magnifique pi\u00e8ce d\u00e9corative, \u00e0 accrocher au mur ou \u00e0 poser sur un meuble.<\/p>\n","protected":false},"featured_media":3576,"comment_status":"open","ping_status":"closed","template":"","meta":[],"product_brand":[],"product_cat":[68,69],"product_tag":[],"class_list":{"0":"post-3512","1":"product","2":"type-product","3":"status-publish","4":"has-post-thumbnail","6":"product_cat-personnalise","7":"product_cat-decoration","8":"pa_occasion-anniversaire","9":"pa_occasion-housewarming","10":"pa_occasion-just-because","11":"pa_occasion-saint-valentin","12":"pa_pour-qui-boyfriend","13":"pa_pour-qui-frere","14":"pa_pour-qui-friend","15":"pa_pour-qui-girlfriend","16":"pa_pour-qui-maman","17":"pa_pour-qui-papa","18":"pa_pour-qui-soeur","20":"first","21":"instock","22":"shipping-taxable","23":"purchasable","24":"product-type-simple"},"jetpack_sharing_enabled":true,"_links":{"self":[{"href":"https:\/\/hellogifted.tn\/index.php?rest_route=\/wp\/v2\/product\/3512","targetHints":{"allow":["GET"]}}],"collection":[{"href":"https:\/\/hellogifted.tn\/index.php?rest_route=\/wp\/v2\/product"}],"about":[{"href":"https:\/\/hellogifted.tn\/index.php?rest_route=\/wp\/v2\/types\/product"}],"replies":[{"embeddable":true,"href":"https:\/\/hellogifted.tn\/index.php?rest_route=%2Fwp%2Fv2%2Fcomments&post=3512"}],"wp:featuredmedia":[{"embeddable":true,"href":"https:\/\/hellogifted.tn\/index.php?rest_route=\/wp\/v2\/media\/3576"}],"wp:attachment":[{"href":"https:\/\/hellogifted.tn\/index.php?rest_route=%2Fwp%2Fv2%2Fmedia&parent=3512"}],"wp:term":[{"taxonomy":"product_brand","embeddable":true,"href":"https:\/\/hellogifted.tn\/index.php?rest_route=%2Fwp%2Fv2%2Fproduct_brand&post=3512"},{"taxonomy":"product_cat","embeddable":true,"href":"https:\/\/hellogifted.tn\/index.php?rest_route=%2Fwp%2Fv2%2Fproduct_cat&post=3512"},{"taxonomy":"product_tag","embeddable":true,"href":"https:\/\/hellogifted.tn\/index.php?rest_route=%2Fwp%2Fv2%2Fproduct_tag&post=3512"}],"curies":[{"name":"wp","href":"https:\/\/api.w.org\/{rel}","templated":true}]}}