{"id":3524,"date":"2025-07-19T14:15:10","date_gmt":"2025-07-19T14:15:10","guid":{"rendered":"https:\/\/hellogifted.tn\/?product=sleeping-mask"},"modified":"2025-07-24T15:01:02","modified_gmt":"2025-07-24T15:01:02","slug":"sleeping-mask","status":"publish","type":"product","link":"https:\/\/hellogifted.tn\/?product=sleeping-mask","title":{"rendered":"Sleeping Mask"},"content":{"rendered":"","protected":false},"excerpt":{"rendered":"<p>Que vous soyez en voyage ou simplement en qu\u00eate d&rsquo;une meilleure qualit\u00e9 de sommeil \u00e0 la maison, ce masque de sommeil est votre alli\u00e9 parfait pour une nuit de d\u00e9tente.<\/p>\n","protected":false},"featured_media":3536,"comment_status":"open","ping_status":"closed","template":"","meta":[],"product_brand":[],"product_cat":[70],"product_tag":[],"class_list":{"0":"post-3524","1":"product","2":"type-product","3":"status-publish","4":"has-post-thumbnail","6":"product_cat-accesoires","7":"pa_occasion-anniversaire","8":"pa_occasion-departs-et-voyages","9":"pa_occasion-diplomes-et-reussites-scolaires","10":"pa_occasion-housewarming","11":"pa_occasion-just-because","12":"pa_occasion-nouvel-an","13":"pa_pour-qui-boyfriend","14":"pa_pour-qui-frere","15":"pa_pour-qui-friend","16":"pa_pour-qui-girlfriend","17":"pa_pour-qui-maman","18":"pa_pour-qui-papa","19":"pa_pour-qui-soeur","21":"first","22":"instock","23":"shipping-taxable","24":"purchasable","25":"product-type-simple"},"jetpack_sharing_enabled":true,"_links":{"self":[{"href":"https:\/\/hellogifted.tn\/index.php?rest_route=\/wp\/v2\/product\/3524","targetHints":{"allow":["GET"]}}],"collection":[{"href":"https:\/\/hellogifted.tn\/index.php?rest_route=\/wp\/v2\/product"}],"about":[{"href":"https:\/\/hellogifted.tn\/index.php?rest_route=\/wp\/v2\/types\/product"}],"replies":[{"embeddable":true,"href":"https:\/\/hellogifted.tn\/index.php?rest_route=%2Fwp%2Fv2%2Fcomments&post=3524"}],"wp:featuredmedia":[{"embeddable":true,"href":"https:\/\/hellogifted.tn\/index.php?rest_route=\/wp\/v2\/media\/3536"}],"wp:attachment":[{"href":"https:\/\/hellogifted.tn\/index.php?rest_route=%2Fwp%2Fv2%2Fmedia&parent=3524"}],"wp:term":[{"taxonomy":"product_brand","embeddable":true,"href":"https:\/\/hellogifted.tn\/index.php?rest_route=%2Fwp%2Fv2%2Fproduct_brand&post=3524"},{"taxonomy":"product_cat","embeddable":true,"href":"https:\/\/hellogifted.tn\/index.php?rest_route=%2Fwp%2Fv2%2Fproduct_cat&post=3524"},{"taxonomy":"product_tag","embeddable":true,"href":"https:\/\/hellogifted.tn\/index.php?rest_route=%2Fwp%2Fv2%2Fproduct_tag&post=3524"}],"curies":[{"name":"wp","href":"https:\/\/api.w.org\/{rel}","templated":true}]}}