{"id":3566,"date":"2025-07-19T16:50:14","date_gmt":"2025-07-19T16:50:14","guid":{"rendered":"https:\/\/hellogifted.tn\/?post_type=product&#038;p=3566"},"modified":"2025-07-24T14:15:47","modified_gmt":"2025-07-24T14:15:47","slug":"poster-korbous-cap-bon","status":"publish","type":"product","link":"https:\/\/hellogifted.tn\/?product=poster-korbous-cap-bon","title":{"rendered":"Poster Korbous, Cap Bon"},"content":{"rendered":"","protected":false},"excerpt":{"rendered":"<p>Dans cette s\u00e9rie d&rsquo;illustrations, les lieux les plus embl\u00e9matiques de la Tunisie sont mis en valeur. Ces espaces sont traduits \u00e0 travers un regard artistique, avec des lignes fluides et libres, agr\u00e9ment\u00e9es de couleurs vives, vibrantes et \u00e9clatantes qui captent l&rsquo;attention et diffusent la joie dans vos espaces. Cette d\u00e9marche exprime \u00e9galement la nostalgie et les sentiments envers ces lieux qui nous d\u00e9finissent, tout en soulignant le patrimoine architectural et culturel. Ainsi, la beaut\u00e9 et la richesse de ces espaces sont c\u00e9l\u00e9br\u00e9es, refl\u00e9tant \u00e0 la fois un attachement personnel et une fiert\u00e9 collective.<\/p>\n","protected":false},"featured_media":3572,"comment_status":"open","ping_status":"closed","template":"","meta":[],"product_brand":[],"product_cat":[69,67],"product_tag":[],"class_list":{"0":"post-3566","1":"product","2":"type-product","3":"status-publish","4":"has-post-thumbnail","6":"product_cat-decoration","7":"product_cat-papeterie","8":"pa_occasion-housewarming","9":"pa_occasion-nouvel-an","10":"pa_occasion-saint-valentin","11":"pa_pour-qui-boyfriend","12":"pa_pour-qui-couples","13":"pa_pour-qui-frere","14":"pa_pour-qui-girlfriend","15":"pa_pour-qui-maman","16":"pa_pour-qui-papa","17":"pa_pour-qui-soeur","19":"first","20":"instock","21":"shipping-taxable","22":"purchasable","23":"product-type-variable"},"jetpack_sharing_enabled":true,"_links":{"self":[{"href":"https:\/\/hellogifted.tn\/index.php?rest_route=\/wp\/v2\/product\/3566","targetHints":{"allow":["GET"]}}],"collection":[{"href":"https:\/\/hellogifted.tn\/index.php?rest_route=\/wp\/v2\/product"}],"about":[{"href":"https:\/\/hellogifted.tn\/index.php?rest_route=\/wp\/v2\/types\/product"}],"replies":[{"embeddable":true,"href":"https:\/\/hellogifted.tn\/index.php?rest_route=%2Fwp%2Fv2%2Fcomments&post=3566"}],"wp:featuredmedia":[{"embeddable":true,"href":"https:\/\/hellogifted.tn\/index.php?rest_route=\/wp\/v2\/media\/3572"}],"wp:attachment":[{"href":"https:\/\/hellogifted.tn\/index.php?rest_route=%2Fwp%2Fv2%2Fmedia&parent=3566"}],"wp:term":[{"taxonomy":"product_brand","embeddable":true,"href":"https:\/\/hellogifted.tn\/index.php?rest_route=%2Fwp%2Fv2%2Fproduct_brand&post=3566"},{"taxonomy":"product_cat","embeddable":true,"href":"https:\/\/hellogifted.tn\/index.php?rest_route=%2Fwp%2Fv2%2Fproduct_cat&post=3566"},{"taxonomy":"product_tag","embeddable":true,"href":"https:\/\/hellogifted.tn\/index.php?rest_route=%2Fwp%2Fv2%2Fproduct_tag&post=3566"}],"curies":[{"name":"wp","href":"https:\/\/api.w.org\/{rel}","templated":true}]}}