{"id":3649,"date":"2025-07-20T20:05:20","date_gmt":"2025-07-20T20:05:20","guid":{"rendered":"https:\/\/hellogifted.tn\/?post_type=product&#038;p=3649"},"modified":"2025-07-24T14:11:25","modified_gmt":"2025-07-24T14:11:25","slug":"cache-cles-keep-safe","status":"publish","type":"product","link":"https:\/\/hellogifted.tn\/?product=cache-cles-keep-safe","title":{"rendered":"Cache-Cl\u00e9s Keep Safe"},"content":{"rendered":"","protected":false},"excerpt":{"rendered":"<p>Ce cache-cl\u00e9 en simili cuir est bien plus qu\u2019un simple porte-cl\u00e9s : Ferm\u00e9, il garde vos cl\u00e9s en s\u00e9curit\u00e9, sans bruit, sans rayures. Ouvert, il les laisse glisser pour un acc\u00e8s rapide.<br data-start=\"548\" data-end=\"551\" \/>\u00a0Glissez-le dans votre sac ou votre poche sans craindre d\u2019ab\u00eemer votre t\u00e9l\u00e9phone.<br data-start=\"634\" data-end=\"637\" \/>\u00a0Id\u00e9e cadeau utile et design pour ceux qui aiment allier style et organisation.<\/p>\n","protected":false},"featured_media":3684,"comment_status":"open","ping_status":"closed","template":"","meta":[],"product_brand":[],"product_cat":[70],"product_tag":[],"class_list":{"0":"post-3649","1":"product","2":"type-product","3":"status-publish","4":"has-post-thumbnail","6":"product_cat-accesoires","7":"pa_occasion-anniversaire","8":"pa_occasion-departs-et-voyages","9":"pa_occasion-housewarming","10":"pa_occasion-just-because","11":"pa_occasion-saint-valentin","12":"pa_pour-qui-boyfriend","13":"pa_pour-qui-couples","14":"pa_pour-qui-frere","15":"pa_pour-qui-friend","16":"pa_pour-qui-girlfriend","17":"pa_pour-qui-maman","18":"pa_pour-qui-papa","19":"pa_pour-qui-soeur","21":"first","22":"instock","23":"shipping-taxable","24":"purchasable","25":"product-type-simple"},"jetpack_sharing_enabled":true,"_links":{"self":[{"href":"https:\/\/hellogifted.tn\/index.php?rest_route=\/wp\/v2\/product\/3649","targetHints":{"allow":["GET"]}}],"collection":[{"href":"https:\/\/hellogifted.tn\/index.php?rest_route=\/wp\/v2\/product"}],"about":[{"href":"https:\/\/hellogifted.tn\/index.php?rest_route=\/wp\/v2\/types\/product"}],"replies":[{"embeddable":true,"href":"https:\/\/hellogifted.tn\/index.php?rest_route=%2Fwp%2Fv2%2Fcomments&post=3649"}],"wp:featuredmedia":[{"embeddable":true,"href":"https:\/\/hellogifted.tn\/index.php?rest_route=\/wp\/v2\/media\/3684"}],"wp:attachment":[{"href":"https:\/\/hellogifted.tn\/index.php?rest_route=%2Fwp%2Fv2%2Fmedia&parent=3649"}],"wp:term":[{"taxonomy":"product_brand","embeddable":true,"href":"https:\/\/hellogifted.tn\/index.php?rest_route=%2Fwp%2Fv2%2Fproduct_brand&post=3649"},{"taxonomy":"product_cat","embeddable":true,"href":"https:\/\/hellogifted.tn\/index.php?rest_route=%2Fwp%2Fv2%2Fproduct_cat&post=3649"},{"taxonomy":"product_tag","embeddable":true,"href":"https:\/\/hellogifted.tn\/index.php?rest_route=%2Fwp%2Fv2%2Fproduct_tag&post=3649"}],"curies":[{"name":"wp","href":"https:\/\/api.w.org\/{rel}","templated":true}]}}