{"id":3732,"date":"2025-08-04T12:53:29","date_gmt":"2025-08-04T12:53:29","guid":{"rendered":"https:\/\/hellogifted.tn\/?post_type=product&#038;p=3732"},"modified":"2025-08-04T13:24:34","modified_gmt":"2025-08-04T13:24:34","slug":"journal-guide-love-notes","status":"publish","type":"product","link":"https:\/\/hellogifted.tn\/?product=journal-guide-love-notes","title":{"rendered":"Journal Guid\u00e9 Love Notes"},"content":{"rendered":"","protected":false},"excerpt":{"rendered":"<p data-start=\"193\" data-end=\"240\"><strong data-start=\"193\" data-end=\"240\">Exprimez votre amour avec vos propres mots.<\/strong><\/p>\n<p data-start=\"242\" data-end=\"527\">Love Notes est un journal pas comme les autres : il vous invite \u00e0 compl\u00e9ter 20 phrases d\u2019amour inachev\u00e9es, pour laisser parler votre c\u0153ur \u00e0 votre fa\u00e7on. Chaque page commence par une amorce tendre, profonde ou po\u00e9tique \u2014 \u00e0 vous de la terminer avec vos \u00e9motions, vos souvenirs, vos mots.<\/p>\n<p data-start=\"726\" data-end=\"750\"><strong data-start=\"726\" data-end=\"748\">Caract\u00e9ristiques :<\/strong><\/p>\n<ul data-start=\"751\" data-end=\"1048\">\n<li data-start=\"751\" data-end=\"820\">\n<p data-start=\"753\" data-end=\"820\"><strong data-start=\"753\" data-end=\"786\">20 amorces de phrases d\u2019amour<\/strong> \u00e0 compl\u00e9ter selon vos ressentis<\/p>\n<\/li>\n<li data-start=\"821\" data-end=\"887\">\n<p data-start=\"823\" data-end=\"887\"><strong data-start=\"823\" data-end=\"851\">Couverture rigide en MDF<\/strong>, pour un rendu \u00e9l\u00e9gant et durable<\/p>\n<\/li>\n<li data-start=\"888\" data-end=\"958\">\n<p data-start=\"890\" data-end=\"958\"><strong data-start=\"890\" data-end=\"918\">Papier Canson de qualit\u00e9<\/strong>, pour une belle exp\u00e9rience d\u2019\u00e9criture<\/p>\n<\/li>\n<li data-start=\"888\" data-end=\"958\">\n<p data-start=\"72\" data-end=\"362\"><strong data-start=\"314\" data-end=\"362\">Un marqueur noir <\/strong>est offert avec le journal.<\/p>\n<\/li>\n<\/ul>\n","protected":false},"featured_media":3733,"comment_status":"open","ping_status":"closed","template":"","meta":[],"product_brand":[],"product_cat":[68,67],"product_tag":[],"class_list":{"0":"post-3732","1":"product","2":"type-product","3":"status-publish","4":"has-post-thumbnail","6":"product_cat-personnalise","7":"product_cat-papeterie","8":"pa_occasion-anniversaire","9":"pa_occasion-housewarming","10":"pa_occasion-just-because","11":"pa_occasion-saint-valentin","12":"pa_pour-qui-boyfriend","13":"pa_pour-qui-frere","14":"pa_pour-qui-friend","15":"pa_pour-qui-girlfriend","16":"pa_pour-qui-maman","17":"pa_pour-qui-papa","18":"pa_pour-qui-soeur","20":"first","21":"instock","22":"shipping-taxable","23":"purchasable","24":"product-type-simple"},"jetpack_sharing_enabled":true,"_links":{"self":[{"href":"https:\/\/hellogifted.tn\/index.php?rest_route=\/wp\/v2\/product\/3732","targetHints":{"allow":["GET"]}}],"collection":[{"href":"https:\/\/hellogifted.tn\/index.php?rest_route=\/wp\/v2\/product"}],"about":[{"href":"https:\/\/hellogifted.tn\/index.php?rest_route=\/wp\/v2\/types\/product"}],"replies":[{"embeddable":true,"href":"https:\/\/hellogifted.tn\/index.php?rest_route=%2Fwp%2Fv2%2Fcomments&post=3732"}],"wp:featuredmedia":[{"embeddable":true,"href":"https:\/\/hellogifted.tn\/index.php?rest_route=\/wp\/v2\/media\/3733"}],"wp:attachment":[{"href":"https:\/\/hellogifted.tn\/index.php?rest_route=%2Fwp%2Fv2%2Fmedia&parent=3732"}],"wp:term":[{"taxonomy":"product_brand","embeddable":true,"href":"https:\/\/hellogifted.tn\/index.php?rest_route=%2Fwp%2Fv2%2Fproduct_brand&post=3732"},{"taxonomy":"product_cat","embeddable":true,"href":"https:\/\/hellogifted.tn\/index.php?rest_route=%2Fwp%2Fv2%2Fproduct_cat&post=3732"},{"taxonomy":"product_tag","embeddable":true,"href":"https:\/\/hellogifted.tn\/index.php?rest_route=%2Fwp%2Fv2%2Fproduct_tag&post=3732"}],"curies":[{"name":"wp","href":"https:\/\/api.w.org\/{rel}","templated":true}]}}